{"id":278,"date":"2025-09-22T04:26:57","date_gmt":"2025-09-22T02:26:57","guid":{"rendered":"https:\/\/eespencinas.edu.pe\/?page_id=278"},"modified":"2025-10-05T03:33:00","modified_gmt":"2025-10-05T01:33:00","slug":"sena-pre","status":"publish","type":"page","link":"https:\/\/eespencinas.edu.pe\/index.php\/sena-pre\/","title":{"rendered":"SENA\/PRE"},"content":{"rendered":"\t\t<div data-elementor-type=\"wp-page\" data-elementor-id=\"278\" class=\"elementor elementor-278\">\n\t\t\t\t<div class=\"elementor-element elementor-element-1cdb74a e-flex e-con-boxed e-con e-parent\" data-id=\"1cdb74a\" data-element_type=\"container\">\n\t\t\t\t\t<div class=\"e-con-inner\">\n\t\t\t\t<div class=\"elementor-element elementor-element-c84f8f4 elementor-widget elementor-widget-heading\" data-id=\"c84f8f4\" data-element_type=\"widget\" data-widget_type=\"heading.default\">\n\t\t\t\t\t<h2 class=\"elementor-heading-title elementor-size-default\">SERVICIO EDUCATIVO DE NIVELACI\u00d3N ACAD\u00c9MICA<\/h2>\t\t\t\t<\/div>\n\t\t\t\t\t<\/div>\n\t\t\t\t<\/div>\n\t\t<div class=\"elementor-element elementor-element-eda3b37 e-flex e-con-boxed e-con e-parent\" data-id=\"eda3b37\" data-element_type=\"container\">\n\t\t\t\t\t<div class=\"e-con-inner\">\n\t\t\t\t<div class=\"elementor-element elementor-element-c43f995 elementor-widget elementor-widget-heading\" data-id=\"c43f995\" data-element_type=\"widget\" data-widget_type=\"heading.default\">\n\t\t\t\t\t<h2 class=\"elementor-heading-title elementor-size-default\">INFORMACION BASICA <\/h2>\t\t\t\t<\/div>\n\t\t\t\t\t<\/div>\n\t\t\t\t<\/div>\n\t\t<div class=\"elementor-element elementor-element-428cee9 e-grid e-con-boxed e-con e-parent\" data-id=\"428cee9\" data-element_type=\"container\">\n\t\t\t\t\t<div class=\"e-con-inner\">\n\t\t\t\t<div class=\"elementor-element elementor-element-d8ca695 elementor-widget elementor-widget-text-editor\" data-id=\"d8ca695\" data-element_type=\"widget\" data-widget_type=\"text-editor.default\">\n\t\t\t\t\t\t\t\t\t<style>\n  .info-section {\n    font-family: 'Poppins', sans-serif;\n    color: #000;\n    line-height: 1.6;\n  }\n\n  .info-section h3 {\n    color: #000;\n    font-size: 17px;\n    font-weight: 600;\n    margin-bottom: 10px;\n  }\n\n  .info-section ul {\n    list-style-type: disc;\n    padding-left: 25px;\n    margin-bottom: 25px;\n  }\n\n  .info-section li {\n    margin-bottom: 6px;\n    color: #000;\n    font-size: 15px;\n  }\n<\/style>\n\n<div class=\"info-section\">\n  <h3>REQUISITOS<\/h3>\n  <ul>\n    <li>Pago por derecho de inscripci\u00f3n<\/li>\n    <li>Dos fotograf\u00edas tama\u00f1o carnet<\/li>\n  <\/ul>\n\n  <h3>CRONOGRAMA<\/h3>\n  <ul>\n    <li>Inicio: 02 de enero de 2020<\/li>\n    <li>Primer Examen de selecci\u00f3n: 28 de enero de 2020<\/li>\n    <li>Segundo Pago: 30 de enero de 2020<\/li>\n    <li>Examen Final: 28 de febrero de 2020<\/li>\n    <li>Publicaci\u00f3n de Resultados: 28 de febrero de 2020<\/li>\n  <\/ul>\n<\/div>\n\t\t\t\t\t\t\t\t<\/div>\n\t\t\t\t<div class=\"elementor-element elementor-element-8a90f54 elementor-widget elementor-widget-image\" data-id=\"8a90f54\" data-element_type=\"widget\" data-widget_type=\"image.default\">\n\t\t\t\t\t\t\t\t\t\t\t\t\t\t\t<img fetchpriority=\"high\" decoding=\"async\" width=\"1024\" height=\"572\" src=\"https:\/\/eespencinas.edu.pe\/wp-content\/uploads\/2025\/10\/WhatsApp-Image-2025-10-04-at-7.49.30-PM-1024x572.jpeg\" class=\"attachment-large size-large wp-image-1201\" alt=\"\" srcset=\"https:\/\/eespencinas.edu.pe\/wp-content\/uploads\/2025\/10\/WhatsApp-Image-2025-10-04-at-7.49.30-PM-1024x572.jpeg 1024w, https:\/\/eespencinas.edu.pe\/wp-content\/uploads\/2025\/10\/WhatsApp-Image-2025-10-04-at-7.49.30-PM-300x167.jpeg 300w, https:\/\/eespencinas.edu.pe\/wp-content\/uploads\/2025\/10\/WhatsApp-Image-2025-10-04-at-7.49.30-PM-768x429.jpeg 768w, https:\/\/eespencinas.edu.pe\/wp-content\/uploads\/2025\/10\/WhatsApp-Image-2025-10-04-at-7.49.30-PM.jpeg 1376w\" sizes=\"(max-width: 1024px) 100vw, 1024px\" \/>\t\t\t\t\t\t\t\t\t\t\t\t\t\t\t<\/div>\n\t\t\t\t\t<\/div>\n\t\t\t\t<\/div>\n\t\t<div class=\"elementor-element elementor-element-6504901 e-flex e-con-boxed e-con e-parent\" data-id=\"6504901\" data-element_type=\"container\">\n\t\t\t\t\t<div class=\"e-con-inner\">\n\t\t\t\t\t<\/div>\n\t\t\t\t<\/div>\n\t\t\t\t<\/div>\n\t\t","protected":false},"excerpt":{"rendered":"<p>SERVICIO EDUCATIVO DE NIVELACI\u00d3N ACAD\u00c9MICA INFORMACION BASICA REQUISITOS Pago por derecho de inscripci\u00f3n Dos fotograf\u00edas tama\u00f1o carnet CRONOGRAMA Inicio: 02 [&hellip;]<\/p>\n","protected":false},"author":1,"featured_media":0,"parent":0,"menu_order":0,"comment_status":"closed","ping_status":"closed","template":"","meta":{"_uag_custom_page_level_css":"","site-sidebar-layout":"no-sidebar","site-content-layout":"","ast-site-content-layout":"full-width-container","site-content-style":"default","site-sidebar-style":"default","ast-global-header-display":"","ast-banner-title-visibility":"","ast-main-header-display":"","ast-hfb-above-header-display":"","ast-hfb-below-header-display":"","ast-hfb-mobile-header-display":"","site-post-title":"disabled","ast-breadcrumbs-content":"","ast-featured-img":"disabled","footer-sml-layout":"","theme-transparent-header-meta":"","adv-header-id-meta":"","stick-header-meta":"","header-above-stick-meta":"","header-main-stick-meta":"","header-below-stick-meta":"","astra-migrate-meta-layouts":"default","ast-page-background-enabled":"default","ast-page-background-meta":{"desktop":{"background-color":"var(--ast-global-color-5)","background-image":"","background-repeat":"repeat","background-position":"center center","background-size":"auto","background-attachment":"scroll","background-type":"","background-media":"","overlay-type":"","overlay-color":"","overlay-opacity":"","overlay-gradient":""},"tablet":{"background-color":"","background-image":"","background-repeat":"repeat","background-position":"center center","background-size":"auto","background-attachment":"scroll","background-type":"","background-media":"","overlay-type":"","overlay-color":"","overlay-opacity":"","overlay-gradient":""},"mobile":{"background-color":"","background-image":"","background-repeat":"repeat","background-position":"center center","background-size":"auto","background-attachment":"scroll","background-type":"","background-media":"","overlay-type":"","overlay-color":"","overlay-opacity":"","overlay-gradient":""}},"ast-content-background-meta":{"desktop":{"background-color":"var(--ast-global-color-4)","background-image":"","background-repeat":"repeat","background-position":"center center","background-size":"auto","background-attachment":"scroll","background-type":"","background-media":"","overlay-type":"","overlay-color":"","overlay-opacity":"","overlay-gradient":""},"tablet":{"background-color":"var(--ast-global-color-4)","background-image":"","background-repeat":"repeat","background-position":"center center","background-size":"auto","background-attachment":"scroll","background-type":"","background-media":"","overlay-type":"","overlay-color":"","overlay-opacity":"","overlay-gradient":""},"mobile":{"background-color":"var(--ast-global-color-4)","background-image":"","background-repeat":"repeat","background-position":"center center","background-size":"auto","background-attachment":"scroll","background-type":"","background-media":"","overlay-type":"","overlay-color":"","overlay-opacity":"","overlay-gradient":""}},"footnotes":""},"class_list":["post-278","page","type-page","status-publish","hentry"],"uagb_featured_image_src":{"full":false,"thumbnail":false,"medium":false,"medium_large":false,"large":false,"1536x1536":false,"2048x2048":false},"uagb_author_info":{"display_name":"admin_w6pb91wr","author_link":"https:\/\/eespencinas.edu.pe\/index.php\/author\/admin_w6pb91wr\/"},"uagb_comment_info":0,"uagb_excerpt":"SERVICIO EDUCATIVO DE NIVELACI\u00d3N ACAD\u00c9MICA INFORMACION BASICA REQUISITOS Pago por derecho de inscripci\u00f3n Dos fotograf\u00edas tama\u00f1o carnet CRONOGRAMA Inicio: 02 [&hellip;]","_links":{"self":[{"href":"https:\/\/eespencinas.edu.pe\/index.php\/wp-json\/wp\/v2\/pages\/278","targetHints":{"allow":["GET"]}}],"collection":[{"href":"https:\/\/eespencinas.edu.pe\/index.php\/wp-json\/wp\/v2\/pages"}],"about":[{"href":"https:\/\/eespencinas.edu.pe\/index.php\/wp-json\/wp\/v2\/types\/page"}],"author":[{"embeddable":true,"href":"https:\/\/eespencinas.edu.pe\/index.php\/wp-json\/wp\/v2\/users\/1"}],"replies":[{"embeddable":true,"href":"https:\/\/eespencinas.edu.pe\/index.php\/wp-json\/wp\/v2\/comments?post=278"}],"version-history":[{"count":20,"href":"https:\/\/eespencinas.edu.pe\/index.php\/wp-json\/wp\/v2\/pages\/278\/revisions"}],"predecessor-version":[{"id":1217,"href":"https:\/\/eespencinas.edu.pe\/index.php\/wp-json\/wp\/v2\/pages\/278\/revisions\/1217"}],"wp:attachment":[{"href":"https:\/\/eespencinas.edu.pe\/index.php\/wp-json\/wp\/v2\/media?parent=278"}],"curies":[{"name":"wp","href":"https:\/\/api.w.org\/{rel}","templated":true}]}}